{"id":107,"date":"2012-11-17T18:15:51","date_gmt":"2012-11-17T18:15:51","guid":{"rendered":"http:\/\/www.hortabiologica.com\/?page_id=107"},"modified":"2025-10-17T17:17:07","modified_gmt":"2025-10-17T16:17:07","slug":"links-uteis","status":"publish","type":"page","link":"https:\/\/www.hortabiologica.com\/en\/useful-links\/","title":{"rendered":"Useful Links"},"content":{"rendered":"<p>Below you can find a variety of links to other sites that contain information relating to organic farming and permaculture.<\/p>\n<h3>Organic Farming<\/h3>\n<p><a title=\"Associa\u00e7\u00e3o Portuguesa de Agricultura Biol\u00f3gica\" href=\"http:\/\/www.agrobio.pt\" target=\"_blank\" rel=\"noopener noreferrer\">AGROBIO &#8211; Associa\u00e7\u00e3o Portuguesa de Agricultura Biol\u00f3gica<\/a><\/p>\n<h3>Permaculture<\/h3>\n<p><a title=\"Worldwide Permaculture Network\" href=\"http:\/\/permacultureglobal.com\/\" target=\"_blank\" rel=\"noopener noreferrer\">Worldwide Permaculture Network<\/a><\/p>\n<p><a title=\"Transi\u00e7\u00e3o e Permacultura Portugal\" href=\"http:\/\/permaculturaportugal.ning.com\/\" target=\"_blank\" rel=\"noopener noreferrer\">Transi\u00e7\u00e3o e Permacultura Portugal<\/a><\/p>\n<p><a title=\"Urban Homestead\" href=\"http:\/\/urbanhomestead.org\" target=\"_blank\" rel=\"noopener noreferrer\">Urban Homestead<\/a><\/p>\n<p><a title=\"Urban Composting\" href=\"https:\/\/www.highrises.com\/guide-to-apartment-and-condo-composting.php\" target=\"_blank\" rel=\"noopener noreferrer\">Urban Composting<\/a><\/p>\n<p><a title=\"A Homeowner's Guide to Composting\" href=\"https:\/\/www.austinrealestate.com\/homeowners-guide-to-composting.php\" target=\"_blank\" rel=\"noopener noreferrer\">A Homeowner&#8217;s Guide to Composting<\/a><\/p>\n<p><a title=\"The Ultimate Step By Step Guide for Composting\" href=\"https:\/\/www.thereviewsinsider.com\/guide-for-composting\/\" target=\"_blank\" rel=\"noopener noreferrer\">The Ultimate Step By Step Guide for Composting<\/a><\/p>\n<p><a title=\"Composting and Landscaping at home\" href=\"https:\/\/www.homeadvisor.com\/r\/composting-and-landscaping-at-home\/\" target=\"_blank\" rel=\"noopener noreferrer\">Composting and Landscaping at home<\/a><\/p>\n<p><a title=\"Creating the Best At-Home Composting System\" href=\"https:\/\/porch.com\/advice\/creating-composting-system\" target=\"_blank\" rel=\"noopener noreferrer\">Creating the Best At-Home Composting System<\/a><\/p>\n<p><a title=\"DIY Gardening Projects and Landscaping Ideas to Save Money\" href=\"https:\/\/couponfollow.com\/research\/diy-gardening-and-landscaping-ideas\" target=\"_blank\" rel=\"noopener noreferrer\">DIY Gardening Projects and Landscaping Ideas to Save Money<\/a><\/p>","protected":false},"excerpt":{"rendered":"<p>Below you can find a variety of links to other sites that contain information relating to organic farming and permaculture. Organic Farming <a title=\"Associa\u00e7\u00e3o Portuguesa de Agricultura Biol\u00f3gica\" href=\"http:\/\/www.agrobio.pt\" target=\"_blank\" rel=\"noopener noreferrer\">AGROBIO &#8211; Associa\u00e7\u00e3o Portuguesa de Agricultura Biol\u00f3gica<\/a> Permaculture <a title=\"Worldwide Permaculture Network\" href=\"http:\/\/permacultureglobal.com\/\" target=\"_blank\" rel=\"noopener noreferrer\">Worldwide Permaculture Network<\/a> <a title=\"Transi\u00e7\u00e3o e Permacultura Portugal\" href=\"http:\/\/permaculturaportugal.ning.com\/\"\n<\/p>\n","protected":false},"author":2,"featured_media":0,"parent":0,"menu_order":0,"comment_status":"closed","ping_status":"closed","template":"","meta":{"footnotes":""},"class_list":["post-107","page","type-page","status-publish","hentry"],"yoast_head":"<!-- This site is optimized with the Yoast SEO plugin v23.2 - https:\/\/yoast.com\/wordpress\/plugins\/seo\/ -->\n<title>Useful Links - Horta Biol\u00f3gica<\/title>\n<meta name=\"description\" content=\"Links \u00fateis com informa\u00e7\u00f5es relativas a agricultura biol\u00f3gica e permacultura. Useful links with information relating to organic farming and permaculture\" \/>\n<meta name=\"robots\" content=\"index, follow, max-snippet:-1, max-image-preview:large, max-video-preview:-1\" \/>\n<link rel=\"canonical\" href=\"https:\/\/www.hortabiologica.com\/links-uteis\/\" \/>\n<meta property=\"og:locale\" content=\"en_US\" \/>\n<meta property=\"og:type\" content=\"article\" \/>\n<meta property=\"og:title\" content=\"Useful Links - Horta Biol\u00f3gica\" \/>\n<meta property=\"og:description\" content=\"Links \u00fateis com informa\u00e7\u00f5es relativas a agricultura biol\u00f3gica e permacultura. Useful links with information relating to organic farming and permaculture\" \/>\n<meta property=\"og:url\" content=\"https:\/\/www.hortabiologica.com\/links-uteis\/\" \/>\n<meta property=\"og:site_name\" content=\"Horta Biol\u00f3gica\" \/>\n<meta property=\"article:modified_time\" content=\"2025-10-17T16:17:07+00:00\" \/>\n<meta name=\"twitter:card\" content=\"summary_large_image\" \/>\n<meta name=\"twitter:site\" content=\"@hortabiologic\" \/>\n<meta name=\"twitter:label1\" content=\"Est. reading time\" \/>\n\t<meta name=\"twitter:data1\" content=\"1 minute\" \/>\n<script type=\"application\/ld+json\" class=\"yoast-schema-graph\">{\"@context\":\"https:\/\/schema.org\",\"@graph\":[{\"@type\":\"WebPage\",\"@id\":\"https:\/\/www.hortabiologica.com\/links-uteis\/\",\"url\":\"https:\/\/www.hortabiologica.com\/links-uteis\/\",\"name\":\"Useful Links - Horta Biol\u00f3gica\",\"isPartOf\":{\"@id\":\"https:\/\/www.hortabiologica.com\/en\/#website\"},\"datePublished\":\"2012-11-17T18:15:51+00:00\",\"dateModified\":\"2025-10-17T16:17:07+00:00\",\"description\":\"Links \u00fateis com informa\u00e7\u00f5es relativas a agricultura biol\u00f3gica e permacultura. Useful links with information relating to organic farming and permaculture\",\"breadcrumb\":{\"@id\":\"https:\/\/www.hortabiologica.com\/links-uteis\/#breadcrumb\"},\"inLanguage\":\"en-US\",\"potentialAction\":[{\"@type\":\"ReadAction\",\"target\":[\"https:\/\/www.hortabiologica.com\/links-uteis\/\"]}]},{\"@type\":\"BreadcrumbList\",\"@id\":\"https:\/\/www.hortabiologica.com\/links-uteis\/#breadcrumb\",\"itemListElement\":[{\"@type\":\"ListItem\",\"position\":1,\"name\":\"In\u00edcio\",\"item\":\"https:\/\/www.hortabiologica.com\/en\/\"},{\"@type\":\"ListItem\",\"position\":2,\"name\":\"Links \u00dateis\"}]},{\"@type\":\"WebSite\",\"@id\":\"https:\/\/www.hortabiologica.com\/en\/#website\",\"url\":\"https:\/\/www.hortabiologica.com\/en\/\",\"name\":\"Horta Biol\u00f3gica\",\"description\":\"\",\"publisher\":{\"@id\":\"https:\/\/www.hortabiologica.com\/en\/#organization\"},\"potentialAction\":[{\"@type\":\"SearchAction\",\"target\":{\"@type\":\"EntryPoint\",\"urlTemplate\":\"https:\/\/www.hortabiologica.com\/en\/?s={search_term_string}\"},\"query-input\":\"required name=search_term_string\"}],\"inLanguage\":\"en-US\"},{\"@type\":\"Organization\",\"@id\":\"https:\/\/www.hortabiologica.com\/en\/#organization\",\"name\":\"Horta Biol\u00f3gica\",\"url\":\"https:\/\/www.hortabiologica.com\/en\/\",\"logo\":{\"@type\":\"ImageObject\",\"inLanguage\":\"en-US\",\"@id\":\"https:\/\/www.hortabiologica.com\/en\/#\/schema\/logo\/image\/\",\"url\":\"http:\/\/www.hortabiologica.com\/wp-content\/uploads\/2012\/11\/logo_small.png\",\"contentUrl\":\"http:\/\/www.hortabiologica.com\/wp-content\/uploads\/2012\/11\/logo_small.png\",\"width\":\"80\",\"height\":\"80\",\"caption\":\"Horta Biol\u00f3gica\"},\"image\":{\"@id\":\"https:\/\/www.hortabiologica.com\/en\/#\/schema\/logo\/image\/\"},\"sameAs\":[\"https:\/\/x.com\/hortabiologic\"]}]}<\/script>\n<!-- \/ Yoast SEO plugin. -->","yoast_head_json":{"title":"Useful Links - Horta Biol\u00f3gica","description":"Links \u00fateis com informa\u00e7\u00f5es relativas a agricultura biol\u00f3gica e permacultura. Useful links with information relating to organic farming and permaculture","robots":{"index":"index","follow":"follow","max-snippet":"max-snippet:-1","max-image-preview":"max-image-preview:large","max-video-preview":"max-video-preview:-1"},"canonical":"https:\/\/www.hortabiologica.com\/links-uteis\/","og_locale":"en_US","og_type":"article","og_title":"Useful Links - Horta Biol\u00f3gica","og_description":"Links \u00fateis com informa\u00e7\u00f5es relativas a agricultura biol\u00f3gica e permacultura. Useful links with information relating to organic farming and permaculture","og_url":"https:\/\/www.hortabiologica.com\/links-uteis\/","og_site_name":"Horta Biol\u00f3gica","article_modified_time":"2025-10-17T16:17:07+00:00","twitter_card":"summary_large_image","twitter_site":"@hortabiologic","twitter_misc":{"Est. reading time":"1 minute"},"schema":{"@context":"https:\/\/schema.org","@graph":[{"@type":"WebPage","@id":"https:\/\/www.hortabiologica.com\/links-uteis\/","url":"https:\/\/www.hortabiologica.com\/links-uteis\/","name":"Useful Links - Horta Biol\u00f3gica","isPartOf":{"@id":"https:\/\/www.hortabiologica.com\/en\/#website"},"datePublished":"2012-11-17T18:15:51+00:00","dateModified":"2025-10-17T16:17:07+00:00","description":"Links \u00fateis com informa\u00e7\u00f5es relativas a agricultura biol\u00f3gica e permacultura. Useful links with information relating to organic farming and permaculture","breadcrumb":{"@id":"https:\/\/www.hortabiologica.com\/links-uteis\/#breadcrumb"},"inLanguage":"en-US","potentialAction":[{"@type":"ReadAction","target":["https:\/\/www.hortabiologica.com\/links-uteis\/"]}]},{"@type":"BreadcrumbList","@id":"https:\/\/www.hortabiologica.com\/links-uteis\/#breadcrumb","itemListElement":[{"@type":"ListItem","position":1,"name":"In\u00edcio","item":"https:\/\/www.hortabiologica.com\/en\/"},{"@type":"ListItem","position":2,"name":"Links \u00dateis"}]},{"@type":"WebSite","@id":"https:\/\/www.hortabiologica.com\/en\/#website","url":"https:\/\/www.hortabiologica.com\/en\/","name":"Horta Biol\u00f3gica","description":"","publisher":{"@id":"https:\/\/www.hortabiologica.com\/en\/#organization"},"potentialAction":[{"@type":"SearchAction","target":{"@type":"EntryPoint","urlTemplate":"https:\/\/www.hortabiologica.com\/en\/?s={search_term_string}"},"query-input":"required name=search_term_string"}],"inLanguage":"en-US"},{"@type":"Organization","@id":"https:\/\/www.hortabiologica.com\/en\/#organization","name":"Horta Biol\u00f3gica","url":"https:\/\/www.hortabiologica.com\/en\/","logo":{"@type":"ImageObject","inLanguage":"en-US","@id":"https:\/\/www.hortabiologica.com\/en\/#\/schema\/logo\/image\/","url":"http:\/\/www.hortabiologica.com\/wp-content\/uploads\/2012\/11\/logo_small.png","contentUrl":"http:\/\/www.hortabiologica.com\/wp-content\/uploads\/2012\/11\/logo_small.png","width":"80","height":"80","caption":"Horta Biol\u00f3gica"},"image":{"@id":"https:\/\/www.hortabiologica.com\/en\/#\/schema\/logo\/image\/"},"sameAs":["https:\/\/x.com\/hortabiologic"]}]}},"jetpack_shortlink":"https:\/\/wp.me\/P9vCHd-1J","jetpack_sharing_enabled":true,"jetpack_likes_enabled":true,"_links":{"self":[{"href":"https:\/\/www.hortabiologica.com\/en\/wp-json\/wp\/v2\/pages\/107"}],"collection":[{"href":"https:\/\/www.hortabiologica.com\/en\/wp-json\/wp\/v2\/pages"}],"about":[{"href":"https:\/\/www.hortabiologica.com\/en\/wp-json\/wp\/v2\/types\/page"}],"author":[{"embeddable":true,"href":"https:\/\/www.hortabiologica.com\/en\/wp-json\/wp\/v2\/users\/2"}],"replies":[{"embeddable":true,"href":"https:\/\/www.hortabiologica.com\/en\/wp-json\/wp\/v2\/comments?post=107"}],"version-history":[{"count":3,"href":"https:\/\/www.hortabiologica.com\/en\/wp-json\/wp\/v2\/pages\/107\/revisions"}],"predecessor-version":[{"id":692,"href":"https:\/\/www.hortabiologica.com\/en\/wp-json\/wp\/v2\/pages\/107\/revisions\/692"}],"wp:attachment":[{"href":"https:\/\/www.hortabiologica.com\/en\/wp-json\/wp\/v2\/media?parent=107"}],"curies":[{"name":"wp","href":"https:\/\/api.w.org\/{rel}","templated":true}]}}